{"id":99,"date":"2026-01-12T19:05:46","date_gmt":"2026-01-12T19:05:46","guid":{"rendered":"https:\/\/sc3iskm0582.universe.wf\/?page_id=99"},"modified":"2026-02-12T15:24:34","modified_gmt":"2026-02-12T15:24:34","slug":"methode","status":"publish","type":"page","link":"https:\/\/studio-tamy.com\/fr\/methode\/","title":{"rendered":"M\u00e9thode"},"content":{"rendered":"\n<div class=\"gb-element-1f23adac\">\n<div class=\"gb-element-dbec9315 animated fadeInUp\">\n<h1 class=\"gb-text gb-text-50b9df46\">\u00c9couter et Comprendre<\/h1>\n<\/div>\n\n\n\n<div class=\"gb-element-0d5c9030 animated fadeInUp delay1\">\n<img loading=\"lazy\" decoding=\"async\" width=\"2920\" height=\"766\" class=\"gb-media-15e3bd68\" alt=\"\" title=\"Photo_site_2@2x\" src=\"https:\/\/sc3iskm0582.universe.wf\/wp-content\/uploads\/2026\/02\/Photo_site_2@2x-2.jpg\" srcset=\"https:\/\/studio-tamy.com\/wp-content\/uploads\/2026\/02\/Photo_site_2@2x-2.jpg 2920w, https:\/\/studio-tamy.com\/wp-content\/uploads\/2026\/02\/Photo_site_2@2x-2-300x79.jpg 300w, https:\/\/studio-tamy.com\/wp-content\/uploads\/2026\/02\/Photo_site_2@2x-2-1024x269.jpg 1024w, https:\/\/studio-tamy.com\/wp-content\/uploads\/2026\/02\/Photo_site_2@2x-2-768x201.jpg 768w, https:\/\/studio-tamy.com\/wp-content\/uploads\/2026\/02\/Photo_site_2@2x-2-1536x403.jpg 1536w, https:\/\/studio-tamy.com\/wp-content\/uploads\/2026\/02\/Photo_site_2@2x-2-2048x537.jpg 2048w\" sizes=\"auto, (max-width: 2920px) 100vw, 2920px\" \/>\n\n\n\n<img loading=\"lazy\" decoding=\"async\" width=\"1120\" height=\"766\" class=\"gb-media-b11cdf81\" alt=\"\" title=\"Photo_site_2@2x(1)\" src=\"https:\/\/sc3iskm0582.universe.wf\/wp-content\/uploads\/2026\/02\/Photo_site_2@2x1.webp\" srcset=\"https:\/\/studio-tamy.com\/wp-content\/uploads\/2026\/02\/Photo_site_2@2x1.webp 1120w, https:\/\/studio-tamy.com\/wp-content\/uploads\/2026\/02\/Photo_site_2@2x1-300x205.webp 300w, https:\/\/studio-tamy.com\/wp-content\/uploads\/2026\/02\/Photo_site_2@2x1-1024x700.webp 1024w, https:\/\/studio-tamy.com\/wp-content\/uploads\/2026\/02\/Photo_site_2@2x1-768x525.webp 768w\" sizes=\"auto, (max-width: 1120px) 100vw, 1120px\" \/>\n<\/div>\n\n\n\n<div class=\"gb-element-c69c8e7a animated fadeInUp delay2\">\n<div class=\"gb-element-1299d6de\">\n<h2 class=\"gb-text gb-text-cf649c9a\">Tout commence par une rencontre et une conversation.<\/h2>\n<\/div>\n\n\n\n<div class=\"gb-element-eea3bd5e\">\n<p class=\"gb-text\">Nous prenons le temps de comprendre le mode de vie de ceux que nous accompagnons, leurs motivations profondes, ce qui rend leur projet unique et essentiel. L\u2019enjeu n\u2019est pas d\u2019accumuler des besoins, mais de d\u00e9gager une essence claire, v\u00e9ritable source de cr\u00e9ation.<\/p>\n<\/div>\n<\/div>\n<\/div>\n\n\n\n<div class=\"gb-element-0cbdcc20 animated fadeInUp delay-1s\">\n<div class=\"gb-element-dc42a6d5 animated fadeInUp duration1 eds-on-scroll\">\n<div class=\"gb-element-1e963f98\">\n<h1 class=\"gb-text gb-text-d72ae940\">L\u2019esquisse comme exploration<\/h1>\n<\/div>\n\n\n\n<div class=\"gb-element-470b838a\">\n<p class=\"gb-text gb-text-abcf7434\">Nous consacrons un temps particulier \u00e0 cette \u00e9tape. C\u2019est le moment o\u00f9 nous interrogeons le programme, o\u00f9 nous tra\u00e7ons et r\u00e9inventons des trajectoires inattendues pour r\u00e9v\u00e9ler son potentiel cach\u00e9. Cette d\u00e9marche exigeante et analytique ouvre des horizons insoup\u00e7onn\u00e9s et donne au projet toute sa profondeur.<\/p>\n<\/div>\n<\/div>\n\n\n\n<div class=\"gb-element-899e5843 animated fadeInUp duration1 eds-on-scroll\">\n<img loading=\"lazy\" decoding=\"async\" width=\"807\" height=\"383\" class=\"gb-media-78a9175b\" alt=\"\" title=\"magnifics_upscale-MqMsEIQrRgdsRNfXOGdP-0_0-10\" src=\"https:\/\/sc3iskm0582.universe.wf\/wp-content\/uploads\/2026\/01\/magnifics_upscale-MqMsEIQrRgdsRNfXOGdP-0_0-10.png\" srcset=\"https:\/\/studio-tamy.com\/wp-content\/uploads\/2026\/01\/magnifics_upscale-MqMsEIQrRgdsRNfXOGdP-0_0-10.png 807w, https:\/\/studio-tamy.com\/wp-content\/uploads\/2026\/01\/magnifics_upscale-MqMsEIQrRgdsRNfXOGdP-0_0-10-300x142.png 300w, https:\/\/studio-tamy.com\/wp-content\/uploads\/2026\/01\/magnifics_upscale-MqMsEIQrRgdsRNfXOGdP-0_0-10-768x364.png 768w\" sizes=\"auto, (max-width: 807px) 100vw, 807px\" \/>\n<\/div>\n<\/div>\n\n\n\n<div class=\"gb-element-43729ffd\">\n<div class=\"gb-element-fcc3476a animated fadeInUp duration1 eds-on-scroll\">\n<div class=\"gb-element-8655fbbd\">\n<div class=\"gb-element-31a4ea94\">\n<h1 class=\"gb-text\">Mati\u00e8re et lumi\u00e8re<\/h1>\n<\/div>\n\n\n\n<div class=\"gb-element-75bdca1f\">\n<p class=\"gb-text\">Une fois l\u2019essence r\u00e9v\u00e9l\u00e9e, nous fa\u00e7onnons l\u2019ambiance \u00e0 travers la mati\u00e8re et son dialogue avec la lumi\u00e8re. Les mat\u00e9riaux naturels sont au c\u0153ur de notre d\u00e9marche : une veine de pierre, une fibre de bois, un \u00e9clat m\u00e9tallique, chacun dot\u00e9 d\u2019un caract\u00e8re unique. Leur usage requiert savoir-faire et une attention constante aux d\u00e9tails pour en r\u00e9v\u00e9ler toute la richesse.<\/p>\n<\/div>\n<\/div>\n\n\n\n<div class=\"gb-element-5a16c7c1\">\n<div class=\"gb-element-dc8ebefc\">\n<h2 class=\"gb-text\"><br><em>C&rsquo;est ce lien \u00e9troit avec la mati\u00e8re qui donne aux espaces leur authenticit\u00e9 et leur force.<\/em><\/h2>\n<\/div>\n<\/div>\n<\/div>\n\n\n\n<div class=\"gb-element-ee0f1d7d animated fadeInUp delay1 duration1 eds-on-scroll\">\n<img loading=\"lazy\" decoding=\"async\" width=\"1440\" height=\"318\" class=\"gb-media-7da19493\" alt=\"\" title=\"magnifics_upscale-aopUtId8Gst1UPwWHBqd-0_0-3\" src=\"https:\/\/sc3iskm0582.universe.wf\/wp-content\/uploads\/2026\/01\/magnifics_upscale-aopUtId8Gst1UPwWHBqd-0_0-3.webp\" srcset=\"https:\/\/studio-tamy.com\/wp-content\/uploads\/2026\/01\/magnifics_upscale-aopUtId8Gst1UPwWHBqd-0_0-3.webp 1440w, https:\/\/studio-tamy.com\/wp-content\/uploads\/2026\/01\/magnifics_upscale-aopUtId8Gst1UPwWHBqd-0_0-3-300x66.webp 300w, https:\/\/studio-tamy.com\/wp-content\/uploads\/2026\/01\/magnifics_upscale-aopUtId8Gst1UPwWHBqd-0_0-3-1024x226.webp 1024w, https:\/\/studio-tamy.com\/wp-content\/uploads\/2026\/01\/magnifics_upscale-aopUtId8Gst1UPwWHBqd-0_0-3-768x170.webp 768w\" sizes=\"auto, (max-width: 1440px) 100vw, 1440px\" \/>\n<\/div>\n<\/div>\n\n\n\n<div class=\"gb-element-52c425d0\">\n<div class=\"gb-element-7ebe8c8f animated fadeInDown duration1 eds-on-scroll\">\n<img loading=\"lazy\" decoding=\"async\" width=\"721\" height=\"587\" class=\"gb-media-dbe78c04\" alt=\"\" title=\"WhatsApp Image 2026-01-08 at 12.33.25 (1)\" src=\"https:\/\/sc3iskm0582.universe.wf\/wp-content\/uploads\/2026\/01\/WhatsApp-Image-2026-01-08-at-12.33.25-1.webp\" srcset=\"https:\/\/studio-tamy.com\/wp-content\/uploads\/2026\/01\/WhatsApp-Image-2026-01-08-at-12.33.25-1.webp 721w, https:\/\/studio-tamy.com\/wp-content\/uploads\/2026\/01\/WhatsApp-Image-2026-01-08-at-12.33.25-1-300x244.webp 300w\" sizes=\"auto, (max-width: 721px) 100vw, 721px\" \/>\n<\/div>\n\n\n\n<div class=\"gb-element-a14fc023 animated fadeInDown duration1 eds-on-scroll\">\n<div class=\"gb-element-4205644b\">\n<h1 class=\"gb-text\">Le d\u00e9tail comme langage<\/h1>\n<\/div>\n\n\n\n<div class=\"gb-element-62041dd7\">\n<p class=\"gb-text\">Le d\u00e9tail architectural n\u2019est pas un ornement : c\u2019est la couture invisible qui unit l\u2019intention \u00e0 l\u2019ex\u00e9cution. Nous prenons le temps de concevoir et de ma\u00eetriser chaque \u00e9l\u00e9ment afin d\u2019assurer la coh\u00e9rence globale du projet. Une transition douce par le joint creux, une jointure pr\u00e9cise entre deux mat\u00e9riaux, une courbe juste.<\/p>\n<\/div>\n\n\n\n<div class=\"gb-element-d1765d1d\">\n<h2 class=\"gb-text\"><em>Ces d\u00e9tails transforment l\u2019id\u00e9e en r\u00e9alit\u00e9 tangible<\/em><\/h2>\n<\/div>\n<\/div>\n<\/div>\n\n\n\n<div class=\"gb-element-3a7d84e0\">\n<div class=\"gb-element-e9c0c7ec animated fadeInUp eds-on-scroll\">\n<h1 class=\"gb-text\">Pr\u00e9paration du chantier<\/h1>\n<\/div>\n\n\n\n<div class=\"gb-element-43830352 animated fadeInRight delay1 eds-on-scroll\">\n<img loading=\"lazy\" decoding=\"async\" width=\"1300\" height=\"318\" class=\"gb-media-14148dac\" alt=\"\" title=\"magnifics_upscale-iAQsFhtjrmGzlhqMqqCy-0_1\" src=\"https:\/\/sc3iskm0582.universe.wf\/wp-content\/uploads\/2026\/01\/magnifics_upscale-iAQsFhtjrmGzlhqMqqCy-0_1.webp\" srcset=\"https:\/\/studio-tamy.com\/wp-content\/uploads\/2026\/01\/magnifics_upscale-iAQsFhtjrmGzlhqMqqCy-0_1.webp 1300w, https:\/\/studio-tamy.com\/wp-content\/uploads\/2026\/01\/magnifics_upscale-iAQsFhtjrmGzlhqMqqCy-0_1-300x73.webp 300w, https:\/\/studio-tamy.com\/wp-content\/uploads\/2026\/01\/magnifics_upscale-iAQsFhtjrmGzlhqMqqCy-0_1-1024x250.webp 1024w, https:\/\/studio-tamy.com\/wp-content\/uploads\/2026\/01\/magnifics_upscale-iAQsFhtjrmGzlhqMqqCy-0_1-768x188.webp 768w\" sizes=\"auto, (max-width: 1300px) 100vw, 1300px\" \/>\n<\/div>\n\n\n\n<div class=\"gb-element-294888e5 animated fadeInUp delay2 eds-on-scroll\">\n<div class=\"gb-element-4e7c5b0b\">\n<p class=\"gb-text\">Nous consid\u00e9rons la pr\u00e9paration du chantier comme une \u00e9tape essentielle. S\u00e9lectionner les entreprises les plus qualifi\u00e9es, d\u00e9finir une organisation claire, anticiper les aspects techniques et r\u00e9glementaires : autant d\u2019actions qui garantissent un gain de temps, limitent les impr\u00e9vus et pr\u00e9servent l\u2019essence du projet.<\/p>\n<\/div>\n\n\n\n<div class=\"gb-element-f8ee75f0\">\n<h2 class=\"gb-text\"><em>Une pr\u00e9paration rigoureuse est gage de fluidit\u00e9 et de qualit\u00e9.<\/em><\/h2>\n<\/div>\n<\/div>\n<\/div>\n\n\n\n<div class=\"gb-element-3cf141be\">\n<div class=\"gb-element-b51f9441 animated fadeInDown duration1 eds-on-scroll\">\n<img loading=\"lazy\" decoding=\"async\" width=\"721\" height=\"599\" class=\"gb-media-28776425\" alt=\"\" title=\"magnifics_upscale-VK1hCzPf0xvJGOoyyaNr-0_0-12\" src=\"https:\/\/sc3iskm0582.universe.wf\/wp-content\/uploads\/2026\/01\/magnifics_upscale-VK1hCzPf0xvJGOoyyaNr-0_0-12.webp\" srcset=\"https:\/\/studio-tamy.com\/wp-content\/uploads\/2026\/01\/magnifics_upscale-VK1hCzPf0xvJGOoyyaNr-0_0-12.webp 721w, https:\/\/studio-tamy.com\/wp-content\/uploads\/2026\/01\/magnifics_upscale-VK1hCzPf0xvJGOoyyaNr-0_0-12-300x249.webp 300w\" sizes=\"auto, (max-width: 721px) 100vw, 721px\" \/>\n<\/div>\n\n\n\n<div class=\"gb-element-f2b17f78 animated fadeInDown duration1 eds-on-scroll\">\n<div class=\"gb-element-61c3a86a\">\n<h1 class=\"gb-text\">Gestion du chantier<\/h1>\n<\/div>\n\n\n\n<div class=\"gb-element-7bc5a466\">\n<p class=\"gb-text\">Nous accompagnons ceux qui nous confient leur projet tout au long du chantier, avec la m\u00eame exigence qu\u2019en conception. Coordonner les \u00e9quipes, ma\u00eetriser les d\u00e9lais et garantir la qualit\u00e9 d\u2019ex\u00e9cution exigent une pr\u00e9sence constante et attentive.<\/p>\n<\/div>\n\n\n\n<div class=\"gb-element-9a4108d6\">\n<h2 class=\"gb-text gb-text-aad69136\"><em>C\u2019est l\u00e0, sur le terrain, que le temps investi en amont, dans l\u2019\u00e9change, le dessin et les d\u00e9tails r\u00e9v\u00e8le toute sa valeur et donne au projet sa pleine mesure<\/em><\/h2>\n<\/div>\n<\/div>\n<\/div>\n","protected":false},"excerpt":{"rendered":"<p>\u00c9couter et Comprendre Tout commence par une rencontre et une conversation. Nous prenons le temps de comprendre le mode de vie de ceux que nous accompagnons, leurs motivations profondes, ce qui rend leur projet unique et essentiel. L\u2019enjeu n\u2019est pas d\u2019accumuler des besoins, mais de d\u00e9gager une essence claire, v\u00e9ritable source de cr\u00e9ation. L\u2019esquisse comme &#8230; <a title=\"M\u00e9thode\" class=\"read-more\" href=\"https:\/\/studio-tamy.com\/fr\/methode\/\" aria-label=\"En savoir plus sur M\u00e9thode\">Lire la suite<\/a><\/p>\n","protected":false},"author":1,"featured_media":0,"parent":0,"menu_order":0,"comment_status":"closed","ping_status":"closed","template":"","meta":{"footnotes":""},"class_list":["post-99","page","type-page","status-publish"],"_hostinger_reach_plugin_has_subscription_block":false,"_hostinger_reach_plugin_is_elementor":false,"_links":{"self":[{"href":"https:\/\/studio-tamy.com\/fr\/wp-json\/wp\/v2\/pages\/99","targetHints":{"allow":["GET"]}}],"collection":[{"href":"https:\/\/studio-tamy.com\/fr\/wp-json\/wp\/v2\/pages"}],"about":[{"href":"https:\/\/studio-tamy.com\/fr\/wp-json\/wp\/v2\/types\/page"}],"author":[{"embeddable":true,"href":"https:\/\/studio-tamy.com\/fr\/wp-json\/wp\/v2\/users\/1"}],"replies":[{"embeddable":true,"href":"https:\/\/studio-tamy.com\/fr\/wp-json\/wp\/v2\/comments?post=99"}],"version-history":[{"count":66,"href":"https:\/\/studio-tamy.com\/fr\/wp-json\/wp\/v2\/pages\/99\/revisions"}],"predecessor-version":[{"id":938,"href":"https:\/\/studio-tamy.com\/fr\/wp-json\/wp\/v2\/pages\/99\/revisions\/938"}],"wp:attachment":[{"href":"https:\/\/studio-tamy.com\/fr\/wp-json\/wp\/v2\/media?parent=99"}],"curies":[{"name":"wp","href":"https:\/\/api.w.org\/{rel}","templated":true}]}}