{"id":76,"date":"2026-01-12T17:49:04","date_gmt":"2026-01-12T17:49:04","guid":{"rendered":"https:\/\/sc3iskm0582.universe.wf\/?page_id=76"},"modified":"2026-02-19T14:12:16","modified_gmt":"2026-02-19T14:12:16","slug":"philosophie","status":"publish","type":"page","link":"https:\/\/studio-tamy.com\/fr\/philosophie\/","title":{"rendered":"Philosophie"},"content":{"rendered":"\n<div class=\"gb-element-e00cf4ed\">\n<h1 class=\"gb-text gb-text-0f57c9f9 animated fadeInDown\" id=\"animated-fadeInUp-delay1\">Philosophie<\/h1>\n\n\n\n<div class=\"gb-element-84084fa6 animated fadeInUp delay1\">\n<img loading=\"lazy\" decoding=\"async\" width=\"2880\" height=\"766\" class=\"gb-media-ddbebaba animated fadeInUp delay-2s\" alt=\"\" title=\"Photo2x\" src=\"https:\/\/sc3iskm0582.universe.wf\/wp-content\/uploads\/2026\/02\/Photo2x-2.png\" srcset=\"https:\/\/studio-tamy.com\/wp-content\/uploads\/2026\/02\/Photo2x-2.png 2880w, https:\/\/studio-tamy.com\/wp-content\/uploads\/2026\/02\/Photo2x-2-300x80.png 300w, https:\/\/studio-tamy.com\/wp-content\/uploads\/2026\/02\/Photo2x-2-1024x272.png 1024w, https:\/\/studio-tamy.com\/wp-content\/uploads\/2026\/02\/Photo2x-2-768x204.png 768w, https:\/\/studio-tamy.com\/wp-content\/uploads\/2026\/02\/Photo2x-2-1536x409.png 1536w, https:\/\/studio-tamy.com\/wp-content\/uploads\/2026\/02\/Photo2x-2-2048x545.png 2048w\" sizes=\"auto, (max-width: 2880px) 100vw, 2880px\" \/>\n\n\n\n<img loading=\"lazy\" decoding=\"async\" width=\"899\" height=\"766\" class=\"gb-media-d34bb34f animated fadeInUp delay-2s\" alt=\"\" title=\"Photo2x\" src=\"https:\/\/sc3iskm0582.universe.wf\/wp-content\/uploads\/2026\/02\/Photo2x-1.jpg\" srcset=\"https:\/\/studio-tamy.com\/wp-content\/uploads\/2026\/02\/Photo2x-1.jpg 899w, https:\/\/studio-tamy.com\/wp-content\/uploads\/2026\/02\/Photo2x-1-300x256.jpg 300w, https:\/\/studio-tamy.com\/wp-content\/uploads\/2026\/02\/Photo2x-1-768x654.jpg 768w\" sizes=\"auto, (max-width: 899px) 100vw, 899px\" \/>\n<\/div>\n\n\n\n<div class=\"gb-element-0c3a9732 animated fadeInUp delay2\">\n<h2 class=\"gb-text gb-text-ecae5ee6\">Nous sommes architectes et designers d\u2019int\u00e9rieur passionn\u00e9s, convaincus que l\u2019architecture doit \u00eatre durable.<\/h2>\n\n\n\n<p class=\"gb-text gb-text-7fea9822\">Cette durabilit\u00e9 na\u00eet du temps : le temps de concevoir, de d\u00e9tailler, de construire avec exigence.<\/p>\n<\/div>\n<\/div>\n\n\n\n<div class=\"gb-element-1f01994b\">\n<div class=\"gb-element-f470e68f animated fadeInUp eds-on-scroll\">\n<img loading=\"lazy\" decoding=\"async\" width=\"808\" height=\"501\" class=\"gb-media-4525e5a2\" alt=\"\" title=\"magnifics_upscale-5YvDCfyp0laNRl8jVn2A-0_0-23\" src=\"https:\/\/sc3iskm0582.universe.wf\/wp-content\/uploads\/2026\/01\/magnifics_upscale-5YvDCfyp0laNRl8jVn2A-0_0-23.png\" srcset=\"https:\/\/studio-tamy.com\/wp-content\/uploads\/2026\/01\/magnifics_upscale-5YvDCfyp0laNRl8jVn2A-0_0-23.png 808w, https:\/\/studio-tamy.com\/wp-content\/uploads\/2026\/01\/magnifics_upscale-5YvDCfyp0laNRl8jVn2A-0_0-23-300x186.png 300w, https:\/\/studio-tamy.com\/wp-content\/uploads\/2026\/01\/magnifics_upscale-5YvDCfyp0laNRl8jVn2A-0_0-23-768x476.png 768w\" sizes=\"auto, (max-width: 808px) 100vw, 808px\" \/>\n<\/div>\n\n\n\n<div class=\"gb-element-fec05cc6 animated fadeInUp delay1 eds-on-scroll\">\n<div class=\"gb-element-9ece1365\">\n<h2 class=\"gb-text gb-text-b92acdae\"><em><em>Nous cherchons \u00e0 concevoir une architecture capable de traverser les g\u00e9n\u00e9rations<\/em>.<\/em><\/h2>\n<\/div>\n\n\n\n<div class=\"gb-element-64b0bd7e\">\n<p class=\"gb-text gb-text-06c7cfa3\">Une architecture qui ne se contente pas de construire, mais qui offre des exp\u00e9riences durables, essentielles et profond\u00e9ment humaines.<\/p>\n<\/div>\n<\/div>\n<\/div>\n\n\n\n<div class=\"gb-element-5984ade4\">\n<div class=\"gb-element-a1414d75 animated fadeInUp eds-on-scroll\">\n<div class=\"gb-element-fd405167\">\n<h2 class=\"gb-text gb-text-a481412f\">Le temps est notre mati\u00e8re premi\u00e8re.<\/h2>\n<\/div>\n\n\n\n<div class=\"gb-element-595899ac\">\n<p class=\"gb-text gb-text-56bc3c66\">Il est une ressource pr\u00e9cieuse et un investissement n\u00e9cessaire pour imaginer des lieux intemporels, sensibles et vivants.<\/p>\n<\/div>\n<\/div>\n\n\n\n<div class=\"gb-element-cba8e3d3 animated fadeInUp delay-2s\">\n<div class=\"gb-element-ad1d3c86 animated fadeInUp delay eds-on-scroll\">\n<div class=\"gb-element-1fbb5bb8\">\n<h2 class=\"gb-text gb-text-14d96966\">C\u2019est pourquoi nous choisissons de limiter notre engagement \u00e0 un petit nombre de projets par an.<\/h2>\n<\/div>\n\n\n\n<div class=\"gb-element-4abe17c8\">\n<p class=\"gb-text gb-text-190f7651\">Ce choix nous permet d\u2019assurer un suivi complet, de la conception \u00e0 la r\u00e9alisation, et de garantir \u00e0 chacun l&rsquo;attention n\u00e9cessaire.<\/p>\n<\/div>\n<\/div>\n\n\n\n<div class=\"gb-element-5d8adc36 animated fadeInUp eds-on-scroll\">\n<img loading=\"lazy\" decoding=\"async\" width=\"712\" height=\"587\" class=\"gb-media-65864805\" alt=\"\" title=\"0_0-5\" src=\"https:\/\/sc3iskm0582.universe.wf\/wp-content\/uploads\/2026\/01\/0_0-5.png\" srcset=\"https:\/\/studio-tamy.com\/wp-content\/uploads\/2026\/01\/0_0-5.png 712w, https:\/\/studio-tamy.com\/wp-content\/uploads\/2026\/01\/0_0-5-300x247.png 300w\" sizes=\"auto, (max-width: 712px) 100vw, 712px\" \/>\n<\/div>\n<\/div>\n<\/div>\n\n\n\n<p><\/p>\n","protected":false},"excerpt":{"rendered":"<p>Philosophie Nous sommes architectes et designers d\u2019int\u00e9rieur passionn\u00e9s, convaincus que l\u2019architecture doit \u00eatre durable. Cette durabilit\u00e9 na\u00eet du temps : le temps de concevoir, de d\u00e9tailler, de construire avec exigence. Nous cherchons \u00e0 concevoir une architecture capable de traverser les g\u00e9n\u00e9rations. Une architecture qui ne se contente pas de construire, mais qui offre des exp\u00e9riences &#8230; <a title=\"Philosophie\" class=\"read-more\" href=\"https:\/\/studio-tamy.com\/fr\/philosophie\/\" aria-label=\"En savoir plus sur Philosophie\">Lire la suite<\/a><\/p>\n","protected":false},"author":1,"featured_media":0,"parent":0,"menu_order":0,"comment_status":"closed","ping_status":"closed","template":"","meta":{"footnotes":""},"class_list":["post-76","page","type-page","status-publish"],"_hostinger_reach_plugin_has_subscription_block":false,"_hostinger_reach_plugin_is_elementor":false,"_links":{"self":[{"href":"https:\/\/studio-tamy.com\/fr\/wp-json\/wp\/v2\/pages\/76","targetHints":{"allow":["GET"]}}],"collection":[{"href":"https:\/\/studio-tamy.com\/fr\/wp-json\/wp\/v2\/pages"}],"about":[{"href":"https:\/\/studio-tamy.com\/fr\/wp-json\/wp\/v2\/types\/page"}],"author":[{"embeddable":true,"href":"https:\/\/studio-tamy.com\/fr\/wp-json\/wp\/v2\/users\/1"}],"replies":[{"embeddable":true,"href":"https:\/\/studio-tamy.com\/fr\/wp-json\/wp\/v2\/comments?post=76"}],"version-history":[{"count":54,"href":"https:\/\/studio-tamy.com\/fr\/wp-json\/wp\/v2\/pages\/76\/revisions"}],"predecessor-version":[{"id":1036,"href":"https:\/\/studio-tamy.com\/fr\/wp-json\/wp\/v2\/pages\/76\/revisions\/1036"}],"wp:attachment":[{"href":"https:\/\/studio-tamy.com\/fr\/wp-json\/wp\/v2\/media?parent=76"}],"curies":[{"name":"wp","href":"https:\/\/api.w.org\/{rel}","templated":true}]}}