{"id":7,"date":"2026-01-12T15:38:59","date_gmt":"2026-01-12T15:38:59","guid":{"rendered":"https:\/\/sc3iskm0582.universe.wf\/?page_id=7"},"modified":"2026-02-19T14:10:06","modified_gmt":"2026-02-19T14:10:06","slug":"homepage","status":"publish","type":"page","link":"https:\/\/studio-tamy.com\/fr\/","title":{"rendered":"Homepage"},"content":{"rendered":"\n<div class=\"gb-element-ab6e0120\">\n<div class=\"gb-element-000452e0\">\n<div class=\"gb-element-a893e679 animated fadeInUp delay1 duration1\">\n<img loading=\"lazy\" decoding=\"async\" width=\"480\" height=\"960\" class=\"gb-media-3e8375bf\" alt=\"\" title=\"magnifics_upscale-wqE7mj7cLMBc8v9gB2cw-0_0-5@2x\" src=\"https:\/\/sc3iskm0582.universe.wf\/wp-content\/uploads\/2026\/02\/magnifics_upscale-wqE7mj7cLMBc8v9gB2cw-0_0-5@2x-1.jpg\" srcset=\"https:\/\/studio-tamy.com\/wp-content\/uploads\/2026\/02\/magnifics_upscale-wqE7mj7cLMBc8v9gB2cw-0_0-5@2x-1.jpg 480w, https:\/\/studio-tamy.com\/wp-content\/uploads\/2026\/02\/magnifics_upscale-wqE7mj7cLMBc8v9gB2cw-0_0-5@2x-1-150x300.jpg 150w\" sizes=\"auto, (max-width: 480px) 100vw, 480px\" \/>\n<\/div>\n\n\n\n<div class=\"gb-element-88a53b8c animated fadeInDown delay1 duration1\">\n<img loading=\"lazy\" decoding=\"async\" width=\"480\" height=\"960\" class=\"gb-media-e0605ad0\" alt=\"\" title=\"magnifics_upscale-VlkBUU5hBSnFuphpbGvd-0_0-8@2x\" src=\"https:\/\/sc3iskm0582.universe.wf\/wp-content\/uploads\/2026\/02\/magnifics_upscale-VlkBUU5hBSnFuphpbGvd-0_0-8@2x-4.jpg\" srcset=\"https:\/\/studio-tamy.com\/wp-content\/uploads\/2026\/02\/magnifics_upscale-VlkBUU5hBSnFuphpbGvd-0_0-8@2x-4.jpg 480w, https:\/\/studio-tamy.com\/wp-content\/uploads\/2026\/02\/magnifics_upscale-VlkBUU5hBSnFuphpbGvd-0_0-8@2x-4-150x300.jpg 150w\" sizes=\"auto, (max-width: 480px) 100vw, 480px\" \/>\n<\/div>\n\n\n\n<div class=\"gb-element-63912174 animated fadeInUp delay1 duration1\">\n<img loading=\"lazy\" decoding=\"async\" width=\"480\" height=\"960\" class=\"gb-media-bb2c4e23\" alt=\"\" title=\"0_0-4@2x\" src=\"https:\/\/sc3iskm0582.universe.wf\/wp-content\/uploads\/2026\/02\/0_0-4@2x-1.jpg\" srcset=\"https:\/\/studio-tamy.com\/wp-content\/uploads\/2026\/02\/0_0-4@2x-1.jpg 480w, https:\/\/studio-tamy.com\/wp-content\/uploads\/2026\/02\/0_0-4@2x-1-150x300.jpg 150w\" sizes=\"auto, (max-width: 480px) 100vw, 480px\" \/>\n<\/div>\n\n\n\n<div class=\"gb-element-897f5506 animated fadeInDown delay1 duration1\">\n<img loading=\"lazy\" decoding=\"async\" width=\"480\" height=\"960\" class=\"gb-media-bfe7d7fe\" alt=\"\" title=\"magnifics_upscale-OawMxi8dpbSkyrXFzSZf-0_0-1@2x\" src=\"https:\/\/sc3iskm0582.universe.wf\/wp-content\/uploads\/2026\/02\/magnifics_upscale-OawMxi8dpbSkyrXFzSZf-0_0-1@2x-1.jpg\" srcset=\"https:\/\/studio-tamy.com\/wp-content\/uploads\/2026\/02\/magnifics_upscale-OawMxi8dpbSkyrXFzSZf-0_0-1@2x-1.jpg 480w, https:\/\/studio-tamy.com\/wp-content\/uploads\/2026\/02\/magnifics_upscale-OawMxi8dpbSkyrXFzSZf-0_0-1@2x-1-150x300.jpg 150w\" sizes=\"auto, (max-width: 480px) 100vw, 480px\" \/>\n<\/div>\n\n\n\n<div class=\"gb-element-b55f25ee animated fadeInUp delay1 duration1\">\n<img loading=\"lazy\" decoding=\"async\" width=\"480\" height=\"960\" class=\"gb-media-df07f1b5\" alt=\"\" title=\"magnifics_upscale-CGQnU5ZsWqHLyCG6CQA5-0_0-9@2x\" src=\"https:\/\/sc3iskm0582.universe.wf\/wp-content\/uploads\/2026\/02\/magnifics_upscale-CGQnU5ZsWqHLyCG6CQA5-0_0-9@2x-1.jpg\" srcset=\"https:\/\/studio-tamy.com\/wp-content\/uploads\/2026\/02\/magnifics_upscale-CGQnU5ZsWqHLyCG6CQA5-0_0-9@2x-1.jpg 480w, https:\/\/studio-tamy.com\/wp-content\/uploads\/2026\/02\/magnifics_upscale-CGQnU5ZsWqHLyCG6CQA5-0_0-9@2x-1-150x300.jpg 150w\" sizes=\"auto, (max-width: 480px) 100vw, 480px\" \/>\n<\/div>\n\n\n\n<div class=\"gb-element-d9db802f animated fadeInDown delay1 duration1\">\n<img loading=\"lazy\" decoding=\"async\" width=\"240\" height=\"480\" class=\"gb-media-8195a207\" alt=\"\" title=\"magnifics_upscale-bRMES0qVqefJPPOWdcq2-0_0-4\" src=\"https:\/\/sc3iskm0582.universe.wf\/wp-content\/uploads\/2026\/01\/magnifics_upscale-bRMES0qVqefJPPOWdcq2-0_0-4.png\" srcset=\"https:\/\/studio-tamy.com\/wp-content\/uploads\/2026\/01\/magnifics_upscale-bRMES0qVqefJPPOWdcq2-0_0-4.png 240w, https:\/\/studio-tamy.com\/wp-content\/uploads\/2026\/01\/magnifics_upscale-bRMES0qVqefJPPOWdcq2-0_0-4-150x300.png 150w\" sizes=\"auto, (max-width: 240px) 100vw, 240px\" \/>\n<\/div>\n<\/div>\n\n\n\n<div class=\"gb-element-4d432c04 animated fadeInUp delay2 duration1\">\n<p class=\"gb-text gb-text-70573ca0\">Bienvenue.<\/p>\n\n\n\n<h2 class=\"gb-text gb-text-aa980faf\"><em>Une rencontre n&rsquo;est jamais le fruit du hasard.<\/em><\/h2>\n\n\n\n<p class=\"gb-text gb-text-a677a4e1\">Ici s\u2019ouvre un parcours riche et inspirant, o\u00f9 na\u00eet la possibilit\u00e9 de b\u00e2tir ensemble un projet unique qui vous ressemble.<\/p>\n<\/div>\n<\/div>\n\n\n\n<div class=\"gb-element-df160f1d animated fadeInDown delay1 duration1 eds-on-scroll\">\n<div class=\"gb-element-9232fe9f\">\n<img loading=\"lazy\" decoding=\"async\" width=\"480\" height=\"452\" class=\"gb-media-7c7565d6\" alt=\"\" title=\"magnifics_upscale-precision-NaTLry147UeZ5Gtdt55i-0_0-14\" src=\"https:\/\/sc3iskm0582.universe.wf\/wp-content\/uploads\/2026\/01\/magnifics_upscale-precision-NaTLry147UeZ5Gtdt55i-0_0-14.png\" srcset=\"https:\/\/studio-tamy.com\/wp-content\/uploads\/2026\/01\/magnifics_upscale-precision-NaTLry147UeZ5Gtdt55i-0_0-14.png 480w, https:\/\/studio-tamy.com\/wp-content\/uploads\/2026\/01\/magnifics_upscale-precision-NaTLry147UeZ5Gtdt55i-0_0-14-300x283.png 300w\" sizes=\"auto, (max-width: 480px) 100vw, 480px\" \/>\n<\/div>\n\n\n\n<div class=\"gb-element-0186a0f8\">\n<h1 class=\"gb-text gb-text-80464977\">Notre d\u00e9marche cherche \u00e0 \u00e9carter le superflu pour laisser appara\u00eetre l\u2019essentiel.<\/h1>\n\n\n\n<p class=\"gb-text gb-text-6e869d44\">\u00c0 l\u2019image d\u2019un orpailleur qui tamise patiemment la poussi\u00e8re pour r\u00e9v\u00e9ler l\u2019or. Un chemin lent et exigeant, garant d\u2019une architecture pertinente, ancr\u00e9e et durable.<\/p>\n<\/div>\n<\/div>\n\n\n\n<div class=\"gb-element-1855018e animated fadeInDown duration1 eds-on-scroll\">\n<h2 class=\"gb-text gb-text-d8dac80c\"><em>Nous imaginons des espaces singuliers, pens\u00e9s pour durer et faits pour vivre.<\/em><\/h2>\n\n\n\n<p class=\"gb-text gb-text-1c46fe0c\">Chaque projet devient un ouvrage unique, men\u00e9 de la conception \u00e0 la r\u00e9alisation, cl\u00e9 en main.<\/p>\n<\/div>\n\n\n\n<div class=\"gb-element-e692255d animated fadeInDown duration1 eds-on-scroll\">\n<img loading=\"lazy\" decoding=\"async\" width=\"2880\" height=\"660\" class=\"gb-media-e6b9ddbf\" alt=\"\" title=\"magnifics_upscale-bRMES0qVqefJPPOWdcq2-0_0-4@2x\" src=\"https:\/\/sc3iskm0582.universe.wf\/wp-content\/uploads\/2026\/02\/magnifics_upscale-bRMES0qVqefJPPOWdcq2-0_0-4@2x-2.jpg\" srcset=\"https:\/\/studio-tamy.com\/wp-content\/uploads\/2026\/02\/magnifics_upscale-bRMES0qVqefJPPOWdcq2-0_0-4@2x-2.jpg 2880w, https:\/\/studio-tamy.com\/wp-content\/uploads\/2026\/02\/magnifics_upscale-bRMES0qVqefJPPOWdcq2-0_0-4@2x-2-300x69.jpg 300w, https:\/\/studio-tamy.com\/wp-content\/uploads\/2026\/02\/magnifics_upscale-bRMES0qVqefJPPOWdcq2-0_0-4@2x-2-1024x235.jpg 1024w, https:\/\/studio-tamy.com\/wp-content\/uploads\/2026\/02\/magnifics_upscale-bRMES0qVqefJPPOWdcq2-0_0-4@2x-2-768x176.jpg 768w, https:\/\/studio-tamy.com\/wp-content\/uploads\/2026\/02\/magnifics_upscale-bRMES0qVqefJPPOWdcq2-0_0-4@2x-2-1536x352.jpg 1536w, https:\/\/studio-tamy.com\/wp-content\/uploads\/2026\/02\/magnifics_upscale-bRMES0qVqefJPPOWdcq2-0_0-4@2x-2-2048x469.jpg 2048w\" sizes=\"auto, (max-width: 2880px) 100vw, 2880px\" \/>\n<\/div>\n\n\n\n<div class=\"gb-element-585f4698 animated fadeInDown duration1 eds-on-scroll\">\n<div class=\"gb-element-07709067\">\n<div class=\"gb-element-9b49e5ee\">\n<h2 class=\"gb-text gb-text-5d17923f\"><em>Nous pensons que chaque projet m\u00e9rite une attention totale.<\/em><\/h2>\n\n\n\n<p class=\"gb-text gb-text-79c662fd\">En choisissant de nous engager sur un nombre limit\u00e9 de projet chaque ann\u00e9e, nous faisons de chaque collaboration une exp\u00e9rience privil\u00e9gi\u00e9e.<\/p>\n<\/div>\n<\/div>\n\n\n\n<div class=\"gb-element-0b9c26a9\">\n<img loading=\"lazy\" decoding=\"async\" width=\"1620\" height=\"1014\" class=\"gb-media-26b0cd74\" alt=\"\" title=\"Photo_site_3@2x\" src=\"https:\/\/sc3iskm0582.universe.wf\/wp-content\/uploads\/2026\/02\/Photo_site_3@2x-1.jpg\" srcset=\"https:\/\/studio-tamy.com\/wp-content\/uploads\/2026\/02\/Photo_site_3@2x-1.jpg 1620w, https:\/\/studio-tamy.com\/wp-content\/uploads\/2026\/02\/Photo_site_3@2x-1-300x188.jpg 300w, https:\/\/studio-tamy.com\/wp-content\/uploads\/2026\/02\/Photo_site_3@2x-1-1024x641.jpg 1024w, https:\/\/studio-tamy.com\/wp-content\/uploads\/2026\/02\/Photo_site_3@2x-1-768x481.jpg 768w, https:\/\/studio-tamy.com\/wp-content\/uploads\/2026\/02\/Photo_site_3@2x-1-1536x961.jpg 1536w\" sizes=\"auto, (max-width: 1620px) 100vw, 1620px\" \/>\n<\/div>\n<\/div>\n\n\n\n<p><\/p>\n","protected":false},"excerpt":{"rendered":"<p>Bienvenue. Une rencontre n&rsquo;est jamais le fruit du hasard. Ici s\u2019ouvre un parcours riche et inspirant, o\u00f9 na\u00eet la possibilit\u00e9 de b\u00e2tir ensemble un projet unique qui vous ressemble. Notre d\u00e9marche cherche \u00e0 \u00e9carter le superflu pour laisser appara\u00eetre l\u2019essentiel. \u00c0 l\u2019image d\u2019un orpailleur qui tamise patiemment la poussi\u00e8re pour r\u00e9v\u00e9ler l\u2019or. Un chemin lent &#8230; <a title=\"Homepage\" class=\"read-more\" href=\"https:\/\/studio-tamy.com\/fr\/\" aria-label=\"En savoir plus sur Homepage\">Lire la suite<\/a><\/p>\n","protected":false},"author":1,"featured_media":0,"parent":0,"menu_order":0,"comment_status":"closed","ping_status":"closed","template":"","meta":{"footnotes":""},"class_list":["post-7","page","type-page","status-publish"],"_hostinger_reach_plugin_has_subscription_block":false,"_hostinger_reach_plugin_is_elementor":false,"_links":{"self":[{"href":"https:\/\/studio-tamy.com\/fr\/wp-json\/wp\/v2\/pages\/7","targetHints":{"allow":["GET"]}}],"collection":[{"href":"https:\/\/studio-tamy.com\/fr\/wp-json\/wp\/v2\/pages"}],"about":[{"href":"https:\/\/studio-tamy.com\/fr\/wp-json\/wp\/v2\/types\/page"}],"author":[{"embeddable":true,"href":"https:\/\/studio-tamy.com\/fr\/wp-json\/wp\/v2\/users\/1"}],"replies":[{"embeddable":true,"href":"https:\/\/studio-tamy.com\/fr\/wp-json\/wp\/v2\/comments?post=7"}],"version-history":[{"count":108,"href":"https:\/\/studio-tamy.com\/fr\/wp-json\/wp\/v2\/pages\/7\/revisions"}],"predecessor-version":[{"id":1035,"href":"https:\/\/studio-tamy.com\/fr\/wp-json\/wp\/v2\/pages\/7\/revisions\/1035"}],"wp:attachment":[{"href":"https:\/\/studio-tamy.com\/fr\/wp-json\/wp\/v2\/media?parent=7"}],"curies":[{"name":"wp","href":"https:\/\/api.w.org\/{rel}","templated":true}]}}