{"id":981,"date":"2026-01-12T15:38:59","date_gmt":"2026-01-12T15:38:59","guid":{"rendered":"https:\/\/sc3iskm0582.universe.wf\/pagina-de-inicio\/"},"modified":"2026-02-19T14:17:17","modified_gmt":"2026-02-19T14:17:17","slug":"pagina-de-inicio","status":"publish","type":"page","link":"https:\/\/studio-tamy.com\/es\/","title":{"rendered":"P\u00e1gina de inicio"},"content":{"rendered":"\n<div class=\"gb-element-ab6e0120\">\n<div class=\"gb-element-000452e0\">\n<div class=\"gb-element-a893e679 animated fadeInUp delay1 duration1\">\n<img loading=\"lazy\" decoding=\"async\" width=\"480\" height=\"960\" class=\"gb-media-3e8375bf\" alt=\"\" title=\"trozo de madera pulido\" src=\"https:\/\/sc3iskm0582.universe.wf\/wp-content\/uploads\/2026\/02\/magnifics_upscale-wqE7mj7cLMBc8v9gB2cw-0_0-5@2x-1.jpg\" srcset=\"https:\/\/studio-tamy.com\/wp-content\/uploads\/2026\/02\/magnifics_upscale-wqE7mj7cLMBc8v9gB2cw-0_0-5@2x-1.jpg 480w, https:\/\/studio-tamy.com\/wp-content\/uploads\/2026\/02\/magnifics_upscale-wqE7mj7cLMBc8v9gB2cw-0_0-5@2x-1-150x300.jpg 150w\" sizes=\"auto, (max-width: 480px) 100vw, 480px\" \/>\n<\/div>\n\n\n\n<div class=\"gb-element-88a53b8c animated fadeInDown delay1 duration1\">\n<img loading=\"lazy\" decoding=\"async\" width=\"480\" height=\"960\" class=\"gb-media-e0605ad0\" alt=\"\" title=\"salon de una casa de dise\u00f1o de madera\" src=\"https:\/\/sc3iskm0582.universe.wf\/wp-content\/uploads\/2026\/02\/magnifics_upscale-VlkBUU5hBSnFuphpbGvd-0_0-8@2x-4.jpg\" srcset=\"https:\/\/studio-tamy.com\/wp-content\/uploads\/2026\/02\/magnifics_upscale-VlkBUU5hBSnFuphpbGvd-0_0-8@2x-4.jpg 480w, https:\/\/studio-tamy.com\/wp-content\/uploads\/2026\/02\/magnifics_upscale-VlkBUU5hBSnFuphpbGvd-0_0-8@2x-4-150x300.jpg 150w\" sizes=\"auto, (max-width: 480px) 100vw, 480px\" \/>\n<\/div>\n\n\n\n<div class=\"gb-element-63912174 animated fadeInUp delay1 duration1\">\n<img loading=\"lazy\" decoding=\"async\" width=\"480\" height=\"960\" class=\"gb-media-bb2c4e23\" alt=\"\" title=\"bol de ceramica artesanal\" src=\"https:\/\/sc3iskm0582.universe.wf\/wp-content\/uploads\/2026\/02\/0_0-4@2x-1.jpg\" srcset=\"https:\/\/studio-tamy.com\/wp-content\/uploads\/2026\/02\/0_0-4@2x-1.jpg 480w, https:\/\/studio-tamy.com\/wp-content\/uploads\/2026\/02\/0_0-4@2x-1-150x300.jpg 150w\" sizes=\"auto, (max-width: 480px) 100vw, 480px\" \/>\n<\/div>\n\n\n\n<div class=\"gb-element-897f5506 animated fadeInDown delay1 duration1\">\n<img loading=\"lazy\" decoding=\"async\" width=\"480\" height=\"960\" class=\"gb-media-bfe7d7fe\" alt=\"\" title=\"casa de piedra y madera\" src=\"https:\/\/sc3iskm0582.universe.wf\/wp-content\/uploads\/2026\/02\/magnifics_upscale-OawMxi8dpbSkyrXFzSZf-0_0-1@2x-1.jpg\" srcset=\"https:\/\/studio-tamy.com\/wp-content\/uploads\/2026\/02\/magnifics_upscale-OawMxi8dpbSkyrXFzSZf-0_0-1@2x-1.jpg 480w, https:\/\/studio-tamy.com\/wp-content\/uploads\/2026\/02\/magnifics_upscale-OawMxi8dpbSkyrXFzSZf-0_0-1@2x-1-150x300.jpg 150w\" sizes=\"auto, (max-width: 480px) 100vw, 480px\" \/>\n<\/div>\n\n\n\n<div class=\"gb-element-b55f25ee animated fadeInUp delay1 duration1\">\n<img loading=\"lazy\" decoding=\"async\" width=\"480\" height=\"960\" class=\"gb-media-df07f1b5\" alt=\"\" title=\"escalon de madera\" src=\"https:\/\/sc3iskm0582.universe.wf\/wp-content\/uploads\/2026\/02\/magnifics_upscale-CGQnU5ZsWqHLyCG6CQA5-0_0-9@2x-1.jpg\" srcset=\"https:\/\/studio-tamy.com\/wp-content\/uploads\/2026\/02\/magnifics_upscale-CGQnU5ZsWqHLyCG6CQA5-0_0-9@2x-1.jpg 480w, https:\/\/studio-tamy.com\/wp-content\/uploads\/2026\/02\/magnifics_upscale-CGQnU5ZsWqHLyCG6CQA5-0_0-9@2x-1-150x300.jpg 150w\" sizes=\"auto, (max-width: 480px) 100vw, 480px\" \/>\n<\/div>\n\n\n\n<div class=\"gb-element-d9db802f animated fadeInDown delay1 duration1\">\n<img loading=\"lazy\" decoding=\"async\" width=\"240\" height=\"480\" class=\"gb-media-8195a207\" alt=\"\" title=\"casa de madera de dise\u00f1o\" src=\"https:\/\/sc3iskm0582.universe.wf\/wp-content\/uploads\/2026\/01\/magnifics_upscale-bRMES0qVqefJPPOWdcq2-0_0-4.png\" srcset=\"https:\/\/studio-tamy.com\/wp-content\/uploads\/2026\/01\/magnifics_upscale-bRMES0qVqefJPPOWdcq2-0_0-4.png 240w, https:\/\/studio-tamy.com\/wp-content\/uploads\/2026\/01\/magnifics_upscale-bRMES0qVqefJPPOWdcq2-0_0-4-150x300.png 150w\" sizes=\"auto, (max-width: 240px) 100vw, 240px\" \/>\n<\/div>\n<\/div>\n\n\n\n<div class=\"gb-element-4d432c04 animated fadeInUp delay2 duration1\">\n<p class=\"gb-text gb-text-70573ca0\">Bienvenido\/a.<\/p>\n\n\n\n<h2 class=\"gb-text gb-text-aa980faf\"><em>Un encuentro nunca es fruto del azar.<\/em><\/h2>\n\n\n\n<p class=\"gb-text gb-text-a677a4e1\">Aqu\u00ed se abre un recorrido rico e inspirador, donde nace la posibilidad de construir juntos un proyecto \u00fanico que le represente.<\/p>\n<\/div>\n<\/div>\n\n<div class=\"gb-element-df160f1d animated fadeInDown delay1 duration1 eds-on-scroll\">\n<div class=\"gb-element-9232fe9f\">\n<img loading=\"lazy\" decoding=\"async\" width=\"480\" height=\"452\" class=\"gb-media-7c7565d6\" alt=\"\" title=\"colador con oro\" src=\"https:\/\/sc3iskm0582.universe.wf\/wp-content\/uploads\/2026\/01\/magnifics_upscale-precision-NaTLry147UeZ5Gtdt55i-0_0-14.png\" srcset=\"https:\/\/studio-tamy.com\/wp-content\/uploads\/2026\/01\/magnifics_upscale-precision-NaTLry147UeZ5Gtdt55i-0_0-14.png 480w, https:\/\/studio-tamy.com\/wp-content\/uploads\/2026\/01\/magnifics_upscale-precision-NaTLry147UeZ5Gtdt55i-0_0-14-300x283.png 300w\" sizes=\"auto, (max-width: 480px) 100vw, 480px\" \/>\n<\/div>\n\n\n\n<div class=\"gb-element-0186a0f8\">\n<h1 class=\"gb-text gb-text-80464977\">Nuestro enfoque busca descartar lo superfluo para dejar aparecer lo esencial.<\/h1>\n\n\n\n<p class=\"gb-text gb-text-6e869d44\">Como un buscador de oro que tamiza pacientemente el polvo para revelar el oro. Un camino lento y exigente, garant\u00eda de una arquitectura pertinente, arraigada y duradera. <\/p>\n<\/div>\n<\/div>\n\n<div class=\"gb-element-1855018e animated fadeInDown duration1 eds-on-scroll\">\n<h2 class=\"gb-text gb-text-d8dac80c\"><em>Imaginamos espacios singulares, pensados para durar y hechos para vivir.<\/em><\/h2>\n\n\n\n<p class=\"gb-text gb-text-1c46fe0c\">Cada proyecto se convierte en una obra \u00fanica, llevada a cabo desde la concepci\u00f3n hasta la realizaci\u00f3n, llave en mano.<\/p>\n<\/div>\n\n<div class=\"gb-element-e692255d animated fadeInDown duration1 eds-on-scroll\">\n<img loading=\"lazy\" decoding=\"async\" width=\"2880\" height=\"660\" class=\"gb-media-e6b9ddbf\" alt=\"\" title=\"casa de madera de dise\u00f1o\" src=\"https:\/\/sc3iskm0582.universe.wf\/wp-content\/uploads\/2026\/02\/magnifics_upscale-bRMES0qVqefJPPOWdcq2-0_0-4@2x-2.jpg\" srcset=\"https:\/\/studio-tamy.com\/wp-content\/uploads\/2026\/02\/magnifics_upscale-bRMES0qVqefJPPOWdcq2-0_0-4@2x-2.jpg 2880w, https:\/\/studio-tamy.com\/wp-content\/uploads\/2026\/02\/magnifics_upscale-bRMES0qVqefJPPOWdcq2-0_0-4@2x-2-300x69.jpg 300w, https:\/\/studio-tamy.com\/wp-content\/uploads\/2026\/02\/magnifics_upscale-bRMES0qVqefJPPOWdcq2-0_0-4@2x-2-1024x235.jpg 1024w, https:\/\/studio-tamy.com\/wp-content\/uploads\/2026\/02\/magnifics_upscale-bRMES0qVqefJPPOWdcq2-0_0-4@2x-2-768x176.jpg 768w, https:\/\/studio-tamy.com\/wp-content\/uploads\/2026\/02\/magnifics_upscale-bRMES0qVqefJPPOWdcq2-0_0-4@2x-2-1536x352.jpg 1536w, https:\/\/studio-tamy.com\/wp-content\/uploads\/2026\/02\/magnifics_upscale-bRMES0qVqefJPPOWdcq2-0_0-4@2x-2-2048x469.jpg 2048w\" sizes=\"auto, (max-width: 2880px) 100vw, 2880px\" \/>\n<\/div>\n\n<div class=\"gb-element-585f4698 animated fadeInDown duration1 eds-on-scroll\">\n<div class=\"gb-element-07709067\">\n<div class=\"gb-element-9b49e5ee\">\n<h2 class=\"gb-text gb-text-5d17923f\"><em>Creemos que cada proyecto merece una atenci\u00f3n total.<\/em><\/h2>\n\n\n\n<p class=\"gb-text gb-text-79c662fd\">Al elegir comprometernos con un n\u00famero limitado de proyectos cada a\u00f1o, hacemos de cada colaboraci\u00f3n una experiencia privilegiada.<\/p>\n<\/div>\n<\/div>\n\n\n\n<div class=\"gb-element-0b9c26a9\">\n<img loading=\"lazy\" decoding=\"async\" width=\"1620\" height=\"1014\" class=\"gb-media-26b0cd74\" alt=\"\" title=\"cocina reformada\" src=\"https:\/\/sc3iskm0582.universe.wf\/wp-content\/uploads\/2026\/02\/Photo_site_3@2x-1.jpg\" srcset=\"https:\/\/studio-tamy.com\/wp-content\/uploads\/2026\/02\/Photo_site_3@2x-1.jpg 1620w, https:\/\/studio-tamy.com\/wp-content\/uploads\/2026\/02\/Photo_site_3@2x-1-300x188.jpg 300w, https:\/\/studio-tamy.com\/wp-content\/uploads\/2026\/02\/Photo_site_3@2x-1-1024x641.jpg 1024w, https:\/\/studio-tamy.com\/wp-content\/uploads\/2026\/02\/Photo_site_3@2x-1-768x481.jpg 768w, https:\/\/studio-tamy.com\/wp-content\/uploads\/2026\/02\/Photo_site_3@2x-1-1536x961.jpg 1536w\" sizes=\"auto, (max-width: 1620px) 100vw, 1620px\" \/>\n<\/div>\n<\/div>\n\n<p><\/p>\n","protected":false},"excerpt":{"rendered":"<p>Bienvenido\/a. Un encuentro nunca es fruto del azar. Aqu\u00ed se abre un recorrido rico e inspirador, donde nace la posibilidad de construir juntos un proyecto \u00fanico que le represente. Nuestro enfoque busca descartar lo superfluo para dejar aparecer lo esencial. Como un buscador de oro que tamiza pacientemente el polvo para revelar el oro. Un &#8230; <a title=\"P\u00e1gina de inicio\" class=\"read-more\" href=\"https:\/\/studio-tamy.com\/es\/\" aria-label=\"Leer m\u00e1s sobre P\u00e1gina de inicio\">Leer m\u00e1s<\/a><\/p>\n","protected":false},"author":1,"featured_media":0,"parent":0,"menu_order":0,"comment_status":"closed","ping_status":"closed","template":"","meta":{"footnotes":""},"class_list":["post-981","page","type-page","status-publish"],"_hostinger_reach_plugin_has_subscription_block":false,"_hostinger_reach_plugin_is_elementor":false,"_links":{"self":[{"href":"https:\/\/studio-tamy.com\/es\/wp-json\/wp\/v2\/pages\/981","targetHints":{"allow":["GET"]}}],"collection":[{"href":"https:\/\/studio-tamy.com\/es\/wp-json\/wp\/v2\/pages"}],"about":[{"href":"https:\/\/studio-tamy.com\/es\/wp-json\/wp\/v2\/types\/page"}],"author":[{"embeddable":true,"href":"https:\/\/studio-tamy.com\/es\/wp-json\/wp\/v2\/users\/1"}],"replies":[{"embeddable":true,"href":"https:\/\/studio-tamy.com\/es\/wp-json\/wp\/v2\/comments?post=981"}],"version-history":[{"count":4,"href":"https:\/\/studio-tamy.com\/es\/wp-json\/wp\/v2\/pages\/981\/revisions"}],"predecessor-version":[{"id":1042,"href":"https:\/\/studio-tamy.com\/es\/wp-json\/wp\/v2\/pages\/981\/revisions\/1042"}],"wp:attachment":[{"href":"https:\/\/studio-tamy.com\/es\/wp-json\/wp\/v2\/media?parent=981"}],"curies":[{"name":"wp","href":"https:\/\/api.w.org\/{rel}","templated":true}]}}