{"id":1024,"date":"2026-01-12T19:05:46","date_gmt":"2026-01-12T19:05:46","guid":{"rendered":"https:\/\/sc3iskm0582.universe.wf\/metodo\/"},"modified":"2026-03-01T10:16:18","modified_gmt":"2026-03-01T10:16:18","slug":"metodo","status":"publish","type":"page","link":"https:\/\/studio-tamy.com\/es\/metodo\/","title":{"rendered":"M\u00e9todo"},"content":{"rendered":"\n<div class=\"gb-element-1f23adac\">\n<div class=\"gb-element-dbec9315 animated fadeInUp\">\n<h1 class=\"gb-text gb-text-50b9df46\">Escuchar y comprender<\/h1>\n<\/div>\n\n\n\n<div class=\"gb-element-0d5c9030 animated fadeInUp delay1\">\n<img loading=\"lazy\" decoding=\"async\" width=\"2920\" height=\"766\" class=\"gb-media-15e3bd68\" alt=\"\" title=\"dos arquitectos en una zona de bosque\" src=\"https:\/\/sc3iskm0582.universe.wf\/wp-content\/uploads\/2026\/02\/Photo_site_2@2x-2.jpg\" srcset=\"https:\/\/studio-tamy.com\/wp-content\/uploads\/2026\/02\/Photo_site_2@2x-2.jpg 2920w, https:\/\/studio-tamy.com\/wp-content\/uploads\/2026\/02\/Photo_site_2@2x-2-300x79.jpg 300w, https:\/\/studio-tamy.com\/wp-content\/uploads\/2026\/02\/Photo_site_2@2x-2-1024x269.jpg 1024w, https:\/\/studio-tamy.com\/wp-content\/uploads\/2026\/02\/Photo_site_2@2x-2-768x201.jpg 768w, https:\/\/studio-tamy.com\/wp-content\/uploads\/2026\/02\/Photo_site_2@2x-2-1536x403.jpg 1536w, https:\/\/studio-tamy.com\/wp-content\/uploads\/2026\/02\/Photo_site_2@2x-2-2048x537.jpg 2048w\" sizes=\"auto, (max-width: 2920px) 100vw, 2920px\" \/>\n\n\n\n<img loading=\"lazy\" decoding=\"async\" width=\"1120\" height=\"766\" class=\"gb-media-b11cdf81\" alt=\"\" title=\"dos arquitectos en una zona de bosque\" src=\"https:\/\/sc3iskm0582.universe.wf\/wp-content\/uploads\/2026\/02\/Photo_site_2@2x1.webp\" srcset=\"https:\/\/studio-tamy.com\/wp-content\/uploads\/2026\/02\/Photo_site_2@2x1.webp 1120w, https:\/\/studio-tamy.com\/wp-content\/uploads\/2026\/02\/Photo_site_2@2x1-300x205.webp 300w, https:\/\/studio-tamy.com\/wp-content\/uploads\/2026\/02\/Photo_site_2@2x1-1024x700.webp 1024w, https:\/\/studio-tamy.com\/wp-content\/uploads\/2026\/02\/Photo_site_2@2x1-768x525.webp 768w\" sizes=\"auto, (max-width: 1120px) 100vw, 1120px\" \/>\n<\/div>\n\n\n\n<div class=\"gb-element-c69c8e7a animated fadeInUp delay2\">\n<div class=\"gb-element-1299d6de\">\n<h2 class=\"gb-text gb-text-cf649c9a\">Todo comienza con un encuentro y una conversaci\u00f3n.<\/h2>\n<\/div>\n\n\n\n<div class=\"gb-element-eea3bd5e\">\n<p class=\"gb-text\">Nos tomamos el tiempo necesario para comprender el modo de vida de quienes nos conf\u00edan su proyecto, sus motivaciones profundas y aquello que lo hace \u00fanico y esencial. No se trata de acumular requisitos, sino de destilar una esencia clara, verdadera fuente de creaci\u00f3n. <\/p>\n<\/div>\n<\/div>\n<\/div>\n\n\n\n<div class=\"gb-element-0cbdcc20 animated fadeInUp delay-1s\">\n<div class=\"gb-element-dc42a6d5 animated fadeInUp duration1 eds-on-scroll\">\n<div class=\"gb-element-1e963f98\">\n<h1 class=\"gb-text gb-text-d72ae940\">El boceto como exploraci\u00f3n<\/h1>\n<\/div>\n\n\n\n<div class=\"gb-element-470b838a\">\n<p class=\"gb-text gb-text-abcf7434\">Dedicamos un tiempo especial a esta fase. Es el momento de cuestionar el programa, de dibujar y reinventar trayectorias inesperadas para revelar su potencial oculto. Este proceso exigente y anal\u00edtico abre horizontes insospechados y otorga al proyecto toda su profundidad.  <\/p>\n<\/div>\n<\/div>\n\n\n\n<div class=\"gb-element-899e5843 animated fadeInUp duration1 eds-on-scroll\">\n<img loading=\"lazy\" decoding=\"async\" width=\"807\" height=\"383\" class=\"gb-media-78a9175b\" alt=\"\" title=\"magnifics_upscale-MqMsEIQrRgdsRNfXOGdP-0_0-10\" src=\"https:\/\/sc3iskm0582.universe.wf\/wp-content\/uploads\/2026\/01\/magnifics_upscale-MqMsEIQrRgdsRNfXOGdP-0_0-10.png\" srcset=\"https:\/\/studio-tamy.com\/wp-content\/uploads\/2026\/01\/magnifics_upscale-MqMsEIQrRgdsRNfXOGdP-0_0-10.png 807w, https:\/\/studio-tamy.com\/wp-content\/uploads\/2026\/01\/magnifics_upscale-MqMsEIQrRgdsRNfXOGdP-0_0-10-300x142.png 300w, https:\/\/studio-tamy.com\/wp-content\/uploads\/2026\/01\/magnifics_upscale-MqMsEIQrRgdsRNfXOGdP-0_0-10-768x364.png 768w\" sizes=\"auto, (max-width: 807px) 100vw, 807px\" \/>\n<\/div>\n<\/div>\n\n\n\n<div class=\"gb-element-43729ffd\">\n<div class=\"gb-element-fcc3476a animated fadeInUp duration1 eds-on-scroll\">\n<div class=\"gb-element-8655fbbd\">\n<div class=\"gb-element-31a4ea94\">\n<h1 class=\"gb-text\">Materia y luz<\/h1>\n<\/div>\n\n\n\n<div class=\"gb-element-75bdca1f\">\n<p class=\"gb-text\">Una vez revelada la esencia, damos forma a la atm\u00f3sfera a trav\u00e9s de la materia y su di\u00e1logo con la luz. Los materiales naturales est\u00e1n en el centro de nuestro enfoque: una veta de piedra, una fibra de madera, un destello met\u00e1lico, cada uno con un car\u00e1cter irrepetible. Su uso exige oficio, paciencia y atenci\u00f3n constante al detalle para desplegar toda su riqueza.  <\/p>\n<\/div>\n<\/div>\n\n\n\n<div class=\"gb-element-5a16c7c1\">\n<div class=\"gb-element-dc8ebefc\">\n<h2 class=\"gb-text\"><br><em>Es este v\u00ednculo \u00edntimo con la materia lo que confiere a los espacios su autenticidad y su fuerza.<\/em><\/h2>\n<\/div>\n<\/div>\n<\/div>\n\n\n\n<div class=\"gb-element-ee0f1d7d animated fadeInUp delay1 duration1 eds-on-scroll\">\n<img loading=\"lazy\" decoding=\"async\" width=\"1440\" height=\"318\" class=\"gb-media-7da19493\" alt=\"\" title=\"magnifics_upscale-aopUtId8Gst1UPwWHBqd-0_0-3\" src=\"https:\/\/studio-tamy.com\/wp-content\/uploads\/2026\/03\/magnifics_upscale-aopUtId8Gst1UPwWHBqd-0_0-3.webp\" srcset=\"https:\/\/studio-tamy.com\/wp-content\/uploads\/2026\/03\/magnifics_upscale-aopUtId8Gst1UPwWHBqd-0_0-3.webp 1440w, https:\/\/studio-tamy.com\/wp-content\/uploads\/2026\/03\/magnifics_upscale-aopUtId8Gst1UPwWHBqd-0_0-3-300x66.webp 300w, https:\/\/studio-tamy.com\/wp-content\/uploads\/2026\/03\/magnifics_upscale-aopUtId8Gst1UPwWHBqd-0_0-3-1024x226.webp 1024w, https:\/\/studio-tamy.com\/wp-content\/uploads\/2026\/03\/magnifics_upscale-aopUtId8Gst1UPwWHBqd-0_0-3-768x170.webp 768w\" sizes=\"auto, (max-width: 1440px) 100vw, 1440px\" \/>\n<\/div>\n<\/div>\n\n\n\n<div class=\"gb-element-52c425d0\">\n<div class=\"gb-element-7ebe8c8f animated fadeInDown duration1 eds-on-scroll\">\n<img loading=\"lazy\" decoding=\"async\" width=\"721\" height=\"587\" class=\"gb-media-dbe78c04\" alt=\"\" title=\"WhatsApp Image 2026-01-08 at 12.33.25 (1)\" src=\"https:\/\/sc3iskm0582.universe.wf\/wp-content\/uploads\/2026\/01\/WhatsApp-Image-2026-01-08-at-12.33.25-1.webp\" srcset=\"https:\/\/studio-tamy.com\/wp-content\/uploads\/2026\/01\/WhatsApp-Image-2026-01-08-at-12.33.25-1.webp 721w, https:\/\/studio-tamy.com\/wp-content\/uploads\/2026\/01\/WhatsApp-Image-2026-01-08-at-12.33.25-1-300x244.webp 300w\" sizes=\"auto, (max-width: 721px) 100vw, 721px\" \/>\n<\/div>\n\n\n\n<div class=\"gb-element-a14fc023 animated fadeInDown duration1 eds-on-scroll\">\n<div class=\"gb-element-4205644b\">\n<h1 class=\"gb-text\">El detalle como lenguaje<\/h1>\n<\/div>\n\n\n\n<div class=\"gb-element-62041dd7\">\n<p class=\"gb-text\">El detalle arquitect\u00f3nico no es ornamento: es la costura invisible que une la intenci\u00f3n con la ejecuci\u00f3n. Nos tomamos el tiempo necesario para dise\u00f1ar y controlar cada elemento, asegurando la coherencia global del proyecto. Una transici\u00f3n suave con una junta en sombra, una uni\u00f3n precisa entre dos materiales, una curva exacta.  <\/p>\n<\/div>\n\n\n\n<div class=\"gb-element-d1765d1d\">\n<h2 class=\"gb-text\"><em>Estos detalles transforman la idea en realidad tangible.<\/em><\/h2>\n<\/div>\n<\/div>\n<\/div>\n\n\n\n<div class=\"gb-element-3a7d84e0\">\n<div class=\"gb-element-e9c0c7ec animated fadeInUp eds-on-scroll\">\n<h1 class=\"gb-text\">Preparaci\u00f3n de obra<\/h1>\n<\/div>\n\n\n\n<div class=\"gb-element-43830352 animated fadeInRight delay1 eds-on-scroll\">\n<img loading=\"lazy\" decoding=\"async\" width=\"1300\" height=\"318\" class=\"gb-media-14148dac\" alt=\"\" title=\"magnifics_upscale-iAQsFhtjrmGzlhqMqqCy-0_1\" src=\"https:\/\/sc3iskm0582.universe.wf\/wp-content\/uploads\/2026\/01\/magnifics_upscale-iAQsFhtjrmGzlhqMqqCy-0_1.webp\" srcset=\"https:\/\/studio-tamy.com\/wp-content\/uploads\/2026\/01\/magnifics_upscale-iAQsFhtjrmGzlhqMqqCy-0_1.webp 1300w, https:\/\/studio-tamy.com\/wp-content\/uploads\/2026\/01\/magnifics_upscale-iAQsFhtjrmGzlhqMqqCy-0_1-300x73.webp 300w, https:\/\/studio-tamy.com\/wp-content\/uploads\/2026\/01\/magnifics_upscale-iAQsFhtjrmGzlhqMqqCy-0_1-1024x250.webp 1024w, https:\/\/studio-tamy.com\/wp-content\/uploads\/2026\/01\/magnifics_upscale-iAQsFhtjrmGzlhqMqqCy-0_1-768x188.webp 768w\" sizes=\"auto, (max-width: 1300px) 100vw, 1300px\" \/>\n<\/div>\n\n\n\n<div class=\"gb-element-294888e5 animated fadeInUp delay2 eds-on-scroll\">\n<div class=\"gb-element-4e7c5b0b\">\n<p class=\"gb-text\">Consideramos la preparaci\u00f3n de la obra como una etapa esencial. Seleccionar a las empresas m\u00e1s cualificadas, definir una organizaci\u00f3n clara y anticipar los aspectos t\u00e9cnicos y normativos son acciones que ahorran tiempo, limitan imprevistos y preservan la esencia del proyecto. <\/p>\n<\/div>\n\n\n\n<div class=\"gb-element-f8ee75f0\">\n<h2 class=\"gb-text\"><em>Una preparaci\u00f3n rigurosa es garant\u00eda de fluidez y calidad.<\/em><\/h2>\n<\/div>\n<\/div>\n<\/div>\n\n\n\n<div class=\"gb-element-3cf141be\">\n<div class=\"gb-element-b51f9441 animated fadeInDown duration1 eds-on-scroll\">\n<img loading=\"lazy\" decoding=\"async\" width=\"721\" height=\"599\" class=\"gb-media-28776425\" alt=\"\" title=\"magnifics_upscale-VK1hCzPf0xvJGOoyyaNr-0_0-12\" src=\"https:\/\/studio-tamy.com\/wp-content\/uploads\/2026\/03\/magnifics_upscale-VK1hCzPf0xvJGOoyyaNr-0_0-12-1.webp\" srcset=\"https:\/\/studio-tamy.com\/wp-content\/uploads\/2026\/03\/magnifics_upscale-VK1hCzPf0xvJGOoyyaNr-0_0-12-1.webp 721w, https:\/\/studio-tamy.com\/wp-content\/uploads\/2026\/03\/magnifics_upscale-VK1hCzPf0xvJGOoyyaNr-0_0-12-1-300x249.webp 300w\" sizes=\"auto, (max-width: 721px) 100vw, 721px\" \/>\n<\/div>\n\n\n\n<div class=\"gb-element-f2b17f78 animated fadeInDown duration1 eds-on-scroll\">\n<div class=\"gb-element-61c3a86a\">\n<h1 class=\"gb-text\">Gesti\u00f3n de obra<\/h1>\n<\/div>\n\n\n\n<div class=\"gb-element-7bc5a466\">\n<p class=\"gb-text\">Acompa\u00f1amos a nuestros clientes durante todo el proceso de construcci\u00f3n con la misma exigencia que en la concepci\u00f3n. Coordinar los equipos, controlar los plazos y garantizar la calidad de ejecuci\u00f3n requieren una presencia constante y atenta. <\/p>\n<\/div>\n\n\n\n<div class=\"gb-element-9a4108d6\">\n<h2 class=\"gb-text gb-text-aad69136\"><em>Es all\u00ed, en el terreno, donde el tiempo invertido en el di\u00e1logo, en el dibujo y en los detalles despliega todo su valor y otorga al proyecto su verdadera medida.<\/em><\/h2>\n<\/div>\n<\/div>\n<\/div>\n","protected":false},"excerpt":{"rendered":"<p>Escuchar y comprender Todo comienza con un encuentro y una conversaci\u00f3n. Nos tomamos el tiempo necesario para comprender el modo de vida de quienes nos conf\u00edan su proyecto, sus motivaciones profundas y aquello que lo hace \u00fanico y esencial. No se trata de acumular requisitos, sino de destilar una esencia clara, verdadera fuente de creaci\u00f3n. &#8230; <a title=\"M\u00e9todo\" class=\"read-more\" href=\"https:\/\/studio-tamy.com\/es\/metodo\/\" aria-label=\"Leer m\u00e1s sobre M\u00e9todo\">Leer m\u00e1s<\/a><\/p>\n","protected":false},"author":1,"featured_media":0,"parent":0,"menu_order":0,"comment_status":"closed","ping_status":"closed","template":"","meta":{"footnotes":""},"class_list":["post-1024","page","type-page","status-publish"],"_hostinger_reach_plugin_has_subscription_block":false,"_hostinger_reach_plugin_is_elementor":false,"_links":{"self":[{"href":"https:\/\/studio-tamy.com\/es\/wp-json\/wp\/v2\/pages\/1024","targetHints":{"allow":["GET"]}}],"collection":[{"href":"https:\/\/studio-tamy.com\/es\/wp-json\/wp\/v2\/pages"}],"about":[{"href":"https:\/\/studio-tamy.com\/es\/wp-json\/wp\/v2\/types\/page"}],"author":[{"embeddable":true,"href":"https:\/\/studio-tamy.com\/es\/wp-json\/wp\/v2\/users\/1"}],"replies":[{"embeddable":true,"href":"https:\/\/studio-tamy.com\/es\/wp-json\/wp\/v2\/comments?post=1024"}],"version-history":[{"count":3,"href":"https:\/\/studio-tamy.com\/es\/wp-json\/wp\/v2\/pages\/1024\/revisions"}],"predecessor-version":[{"id":1093,"href":"https:\/\/studio-tamy.com\/es\/wp-json\/wp\/v2\/pages\/1024\/revisions\/1093"}],"wp:attachment":[{"href":"https:\/\/studio-tamy.com\/es\/wp-json\/wp\/v2\/media?parent=1024"}],"curies":[{"name":"wp","href":"https:\/\/api.w.org\/{rel}","templated":true}]}}