{"id":1011,"date":"2026-01-12T17:49:04","date_gmt":"2026-01-12T17:49:04","guid":{"rendered":"https:\/\/sc3iskm0582.universe.wf\/filosofia\/"},"modified":"2026-03-01T10:13:49","modified_gmt":"2026-03-01T10:13:49","slug":"filosofia","status":"publish","type":"page","link":"https:\/\/studio-tamy.com\/es\/filosofia\/","title":{"rendered":"Filosof\u00eda"},"content":{"rendered":"\n<div class=\"gb-element-e00cf4ed\">\n<h1 class=\"gb-text gb-text-0f57c9f9 animated fadeInDown\" id=\"animated-fadeInUp-delay1\">Filosof\u00eda<\/h1>\n\n\n\n<div class=\"gb-element-84084fa6 animated fadeInUp delay1\">\n<img loading=\"lazy\" decoding=\"async\" width=\"2880\" height=\"766\" class=\"gb-media-ddbebaba animated fadeInUp delay-2s\" alt=\"\" title=\"dos arquitectos en una zona de bosque de la montanya\" src=\"https:\/\/studio-tamy.com\/wp-content\/uploads\/2026\/02\/Photo2x-2.png\" srcset=\"https:\/\/studio-tamy.com\/wp-content\/uploads\/2026\/02\/Photo2x-2.png 2880w, https:\/\/studio-tamy.com\/wp-content\/uploads\/2026\/02\/Photo2x-2-300x80.png 300w, https:\/\/studio-tamy.com\/wp-content\/uploads\/2026\/02\/Photo2x-2-1024x272.png 1024w, https:\/\/studio-tamy.com\/wp-content\/uploads\/2026\/02\/Photo2x-2-768x204.png 768w, https:\/\/studio-tamy.com\/wp-content\/uploads\/2026\/02\/Photo2x-2-1536x409.png 1536w, https:\/\/studio-tamy.com\/wp-content\/uploads\/2026\/02\/Photo2x-2-2048x545.png 2048w\" sizes=\"auto, (max-width: 2880px) 100vw, 2880px\" \/>\n\n\n\n<img loading=\"lazy\" decoding=\"async\" width=\"899\" height=\"766\" class=\"gb-media-d34bb34f animated fadeInUp delay-2s\" alt=\"\" title=\"dos arquitectos en una zona de bosque de la montanya\" src=\"https:\/\/studio-tamy.com\/wp-content\/uploads\/2026\/02\/Photo2x-1.jpg\" srcset=\"https:\/\/studio-tamy.com\/wp-content\/uploads\/2026\/02\/Photo2x-1.jpg 899w, https:\/\/studio-tamy.com\/wp-content\/uploads\/2026\/02\/Photo2x-1-300x256.jpg 300w, https:\/\/studio-tamy.com\/wp-content\/uploads\/2026\/02\/Photo2x-1-768x654.jpg 768w\" sizes=\"auto, (max-width: 899px) 100vw, 899px\" \/>\n<\/div>\n\n\n\n<div class=\"gb-element-0c3a9732 animated fadeInUp delay2\">\n<h2 class=\"gb-text gb-text-ecae5ee6\">Somos arquitectos y dise\u00f1adores de interiores apasionados, convencidos de que la arquitectura debe ser duradera.<\/h2>\n\n\n\n<p class=\"gb-text gb-text-7fea9822\">Esa durabilidad nace del tiempo: tiempo para concebir, detallar y construir con rigor.<\/p>\n<\/div>\n<\/div>\n\n\n\n<div class=\"gb-element-1f01994b\">\n<div class=\"gb-element-f470e68f animated fadeInUp eds-on-scroll\">\n<img loading=\"lazy\" decoding=\"async\" width=\"808\" height=\"501\" class=\"gb-media-4525e5a2\" alt=\"\" title=\"magnifics_upscale-5YvDCfyp0laNRl8jVn2A-0_0-23\" src=\"https:\/\/studio-tamy.com\/wp-content\/uploads\/2026\/01\/magnifics_upscale-5YvDCfyp0laNRl8jVn2A-0_0-23.png\" srcset=\"https:\/\/studio-tamy.com\/wp-content\/uploads\/2026\/01\/magnifics_upscale-5YvDCfyp0laNRl8jVn2A-0_0-23.png 808w, https:\/\/studio-tamy.com\/wp-content\/uploads\/2026\/01\/magnifics_upscale-5YvDCfyp0laNRl8jVn2A-0_0-23-300x186.png 300w, https:\/\/studio-tamy.com\/wp-content\/uploads\/2026\/01\/magnifics_upscale-5YvDCfyp0laNRl8jVn2A-0_0-23-768x476.png 768w\" sizes=\"auto, (max-width: 808px) 100vw, 808px\" \/>\n<\/div>\n\n\n\n<div class=\"gb-element-fec05cc6 animated fadeInUp delay1 eds-on-scroll\">\n<div class=\"gb-element-9ece1365\">\n<h2 class=\"gb-text gb-text-b92acdae\"><em>Aspiramos a concebir una arquitectura capaz de trascender generaciones.<\/em><\/h2>\n<\/div>\n\n\n\n<div class=\"gb-element-64b0bd7e\">\n<p class=\"gb-text gb-text-06c7cfa3\">Una arquitectura que no se limite a construir, sino que ofrezca experiencias duraderas, esenciales y profundamente humanas.<\/p>\n<\/div>\n<\/div>\n<\/div>\n\n\n\n<div class=\"gb-element-5984ade4\">\n<div class=\"gb-element-a1414d75 animated fadeInUp eds-on-scroll\">\n<div class=\"gb-element-fd405167\">\n<h2 class=\"gb-text gb-text-a481412f\">El tiempo es nuestra primera materia.<\/h2>\n<\/div>\n\n\n\n<div class=\"gb-element-595899ac\">\n<p class=\"gb-text gb-text-56bc3c66\">Lo entendemos como un recurso precioso y una inversi\u00f3n necesaria para imaginar espacios atemporales, sensibles y llenos de vida.<\/p>\n<\/div>\n<\/div>\n\n\n\n<div class=\"gb-element-cba8e3d3 animated fadeInUp delay-2s\">\n<div class=\"gb-element-ad1d3c86 animated fadeInUp delay eds-on-scroll\">\n<div class=\"gb-element-1fbb5bb8\">\n<h2 class=\"gb-text gb-text-14d96966\">Por eso elegimos limitarnos a un n\u00famero reducido de proyectos al a\u00f1o.<\/h2>\n<\/div>\n\n\n\n<div class=\"gb-element-4abe17c8\">\n<p class=\"gb-text gb-text-190f7651\">Esta decisi\u00f3n nos permite garantizar un acompa\u00f1amiento completo, desde la concepci\u00f3n hasta la realizaci\u00f3n, y asegurar que cada proyecto reciba la atenci\u00f3n que merece.<\/p>\n<\/div>\n<\/div>\n\n\n\n<div class=\"gb-element-5d8adc36 animated fadeInUp eds-on-scroll\">\n<img loading=\"lazy\" decoding=\"async\" width=\"712\" height=\"587\" class=\"gb-media-65864805\" alt=\"\" title=\"0_0-5\" src=\"https:\/\/studio-tamy.com\/wp-content\/uploads\/2026\/01\/0_0-5.webp\" srcset=\"https:\/\/studio-tamy.com\/wp-content\/uploads\/2026\/01\/0_0-5.webp 712w, https:\/\/studio-tamy.com\/wp-content\/uploads\/2026\/01\/0_0-5-300x247.webp 300w\" sizes=\"auto, (max-width: 712px) 100vw, 712px\" \/>\n<\/div>\n<\/div>\n<\/div>\n\n\n\n<p><\/p>\n","protected":false},"excerpt":{"rendered":"<p>Filosof\u00eda Somos arquitectos y dise\u00f1adores de interiores apasionados, convencidos de que la arquitectura debe ser duradera. Esa durabilidad nace del tiempo: tiempo para concebir, detallar y construir con rigor. Aspiramos a concebir una arquitectura capaz de trascender generaciones. Una arquitectura que no se limite a construir, sino que ofrezca experiencias duraderas, esenciales y profundamente humanas. &#8230; <a title=\"Filosof\u00eda\" class=\"read-more\" href=\"https:\/\/studio-tamy.com\/es\/filosofia\/\" aria-label=\"Leer m\u00e1s sobre Filosof\u00eda\">Leer m\u00e1s<\/a><\/p>\n","protected":false},"author":1,"featured_media":0,"parent":0,"menu_order":0,"comment_status":"closed","ping_status":"closed","template":"","meta":{"footnotes":""},"class_list":["post-1011","page","type-page","status-publish"],"_hostinger_reach_plugin_has_subscription_block":false,"_hostinger_reach_plugin_is_elementor":false,"_links":{"self":[{"href":"https:\/\/studio-tamy.com\/es\/wp-json\/wp\/v2\/pages\/1011","targetHints":{"allow":["GET"]}}],"collection":[{"href":"https:\/\/studio-tamy.com\/es\/wp-json\/wp\/v2\/pages"}],"about":[{"href":"https:\/\/studio-tamy.com\/es\/wp-json\/wp\/v2\/types\/page"}],"author":[{"embeddable":true,"href":"https:\/\/studio-tamy.com\/es\/wp-json\/wp\/v2\/users\/1"}],"replies":[{"embeddable":true,"href":"https:\/\/studio-tamy.com\/es\/wp-json\/wp\/v2\/comments?post=1011"}],"version-history":[{"count":5,"href":"https:\/\/studio-tamy.com\/es\/wp-json\/wp\/v2\/pages\/1011\/revisions"}],"predecessor-version":[{"id":1089,"href":"https:\/\/studio-tamy.com\/es\/wp-json\/wp\/v2\/pages\/1011\/revisions\/1089"}],"wp:attachment":[{"href":"https:\/\/studio-tamy.com\/es\/wp-json\/wp\/v2\/media?parent=1011"}],"curies":[{"name":"wp","href":"https:\/\/api.w.org\/{rel}","templated":true}]}}